{"id":138,"date":"2018-06-13T14:56:08","date_gmt":"2018-06-13T14:56:08","guid":{"rendered":"http:\/\/esenler17noluasm.com\/?page_id=138"},"modified":"2026-04-06T07:40:26","modified_gmt":"2026-04-06T07:40:26","slug":"dr-gizem-yasemin-degerli","status":"publish","type":"page","link":"https:\/\/esenler17noluasm.com\/index.php\/dr-gizem-yasemin-degerli\/","title":{"rendered":"DR. G\u0130ZEM YASEM\u0130N DE\u011eERL\u0130 B\u00d6L\u00dcKBA\u015e"},"content":{"rendered":"\n<figure class=\"wp-block-image size-large\"><a href=\"https:\/\/esenler17noluasm.com\/wp-content\/uploads\/2026\/04\/Screenshot-2026-04-06-at-10.40.01.png\"><img decoding=\"async\" loading=\"lazy\" width=\"1024\" height=\"787\" src=\"https:\/\/esenler17noluasm.com\/wp-content\/uploads\/2026\/04\/Screenshot-2026-04-06-at-10.40.01-1024x787.png\" alt=\"\" class=\"wp-image-1576\" srcset=\"https:\/\/esenler17noluasm.com\/wp-content\/uploads\/2026\/04\/Screenshot-2026-04-06-at-10.40.01-1024x787.png 1024w, https:\/\/esenler17noluasm.com\/wp-content\/uploads\/2026\/04\/Screenshot-2026-04-06-at-10.40.01-300x231.png 300w, https:\/\/esenler17noluasm.com\/wp-content\/uploads\/2026\/04\/Screenshot-2026-04-06-at-10.40.01-768x591.png 768w, https:\/\/esenler17noluasm.com\/wp-content\/uploads\/2026\/04\/Screenshot-2026-04-06-at-10.40.01-1536x1181.png 1536w, https:\/\/esenler17noluasm.com\/wp-content\/uploads\/2026\/04\/Screenshot-2026-04-06-at-10.40.01.png 1688w\" sizes=\"(max-width: 1024px) 100vw, 1024px\" \/><\/a><\/figure>\n","protected":false},"excerpt":{"rendered":"","protected":false},"author":1,"featured_media":0,"parent":0,"menu_order":0,"comment_status":"closed","ping_status":"closed","template":"template-full.php","meta":[],"_links":{"self":[{"href":"https:\/\/esenler17noluasm.com\/index.php\/wp-json\/wp\/v2\/pages\/138"}],"collection":[{"href":"https:\/\/esenler17noluasm.com\/index.php\/wp-json\/wp\/v2\/pages"}],"about":[{"href":"https:\/\/esenler17noluasm.com\/index.php\/wp-json\/wp\/v2\/types\/page"}],"author":[{"embeddable":true,"href":"https:\/\/esenler17noluasm.com\/index.php\/wp-json\/wp\/v2\/users\/1"}],"replies":[{"embeddable":true,"href":"https:\/\/esenler17noluasm.com\/index.php\/wp-json\/wp\/v2\/comments?post=138"}],"version-history":[{"count":6,"href":"https:\/\/esenler17noluasm.com\/index.php\/wp-json\/wp\/v2\/pages\/138\/revisions"}],"predecessor-version":[{"id":1577,"href":"https:\/\/esenler17noluasm.com\/index.php\/wp-json\/wp\/v2\/pages\/138\/revisions\/1577"}],"wp:attachment":[{"href":"https:\/\/esenler17noluasm.com\/index.php\/wp-json\/wp\/v2\/media?parent=138"}],"curies":[{"name":"wp","href":"https:\/\/api.w.org\/{rel}","templated":true}]}}