{"id":19,"date":"2016-09-06T12:32:06","date_gmt":"2016-09-06T12:32:06","guid":{"rendered":"http:\/\/esenler17noluasm.com\/?page_id=19"},"modified":"2025-11-03T07:43:42","modified_gmt":"2025-11-03T07:43:42","slug":"iletisim","status":"publish","type":"page","link":"https:\/\/esenler17noluasm.com\/index.php\/iletisim\/","title":{"rendered":"\u0130leti\u015fim"},"content":{"rendered":"<p><iframe loading=\"lazy\" style=\"border: 0;\" src=\"https:\/\/www.google.com\/maps\/embed?pb=!1m18!1m12!1m3!1d3009.788958716451!2d28.894436815414743!3d41.029872879298594!2m3!1f0!2f0!3f0!3m2!1i1024!2i768!4f13.1!3m3!1m2!1s0x0%3A0x0!2zNDHCsDAxJzQ3LjUiTiAyOMKwNTMnNDcuOSJF!5e0!3m2!1str!2str!4v1528901555944\" width=\"600\" height=\"450\" frameborder=\"0\" allowfullscreen=\"allowfullscreen\"><\/iframe><\/p>\n<p>Adres: Nam\u0131k Kemal Mahallesi , 31. Sk. No:2, 34220 Esenler \/\u0130STANBUL<\/p>\n<p>Tel: 0212 483 42 56<\/p>\n<p>Esenler \u0130l\u00e7e Sa\u011fl\u0131k M\u00fcd\u00fcrl\u00fc\u011f\u00fc: 0212 645 45 15<\/p>\n<p>\u0130stanbul \u0130l Sa\u011fl\u0131k M\u00fcd\u00fcrl\u00fc\u011f\u00fc: 0212 638 30 00<\/p>\n","protected":false},"excerpt":{"rendered":"<p>Adres: Nam\u0131k Kemal Mahallesi , 31. Sk. No:2, 34220 Esenler \/\u0130STANBUL Tel: 0212 483 42 56 Esenler \u0130l\u00e7e Sa\u011fl\u0131k M\u00fcd\u00fcrl\u00fc\u011f\u00fc: 0212 645 45 15 \u0130stanbul \u0130l Sa\u011fl\u0131k M\u00fcd\u00fcrl\u00fc\u011f\u00fc: 0212 638 30 00<\/p>\n","protected":false},"author":1,"featured_media":0,"parent":0,"menu_order":0,"comment_status":"closed","ping_status":"closed","template":"template-full.php","meta":[],"_links":{"self":[{"href":"https:\/\/esenler17noluasm.com\/index.php\/wp-json\/wp\/v2\/pages\/19"}],"collection":[{"href":"https:\/\/esenler17noluasm.com\/index.php\/wp-json\/wp\/v2\/pages"}],"about":[{"href":"https:\/\/esenler17noluasm.com\/index.php\/wp-json\/wp\/v2\/types\/page"}],"author":[{"embeddable":true,"href":"https:\/\/esenler17noluasm.com\/index.php\/wp-json\/wp\/v2\/users\/1"}],"replies":[{"embeddable":true,"href":"https:\/\/esenler17noluasm.com\/index.php\/wp-json\/wp\/v2\/comments?post=19"}],"version-history":[{"count":11,"href":"https:\/\/esenler17noluasm.com\/index.php\/wp-json\/wp\/v2\/pages\/19\/revisions"}],"predecessor-version":[{"id":1571,"href":"https:\/\/esenler17noluasm.com\/index.php\/wp-json\/wp\/v2\/pages\/19\/revisions\/1571"}],"wp:attachment":[{"href":"https:\/\/esenler17noluasm.com\/index.php\/wp-json\/wp\/v2\/media?parent=19"}],"curies":[{"name":"wp","href":"https:\/\/api.w.org\/{rel}","templated":true}]}}