{"id":21,"date":"2016-09-06T12:32:47","date_gmt":"2016-09-06T12:32:47","guid":{"rendered":"http:\/\/esenler17noluasm.com\/?page_id=21"},"modified":"2016-09-06T12:41:34","modified_gmt":"2016-09-06T12:41:34","slug":"saglikli-bebek-izlemi","status":"publish","type":"page","link":"https:\/\/esenler17noluasm.com\/index.php\/saglikli-bebek-izlemi\/","title":{"rendered":"Sa\u011fl\u0131kl\u0131 Bebek \u0130zlemi"},"content":{"rendered":"<p>Sa\u011fl\u0131kl\u0131 bebek izlemi, bebeklerin do\u011fumdan itibaren \u00f6zellikle 1 ya\u015f\u0131na dek her ay geli\u015fiminin izlenmesi, b\u00fcy\u00fcme ve geli\u015fmenin normal olup olmad\u0131\u011f\u0131n\u0131n kontrol\u00fc, koruyucu \u00f6nlem olarak a\u015f\u0131lar\u0131n\u0131n yap\u0131lmas\u0131, rutin kontrollerle her \u015feyin yolunda gidip gitmedi\u011finin belirlenebilmesi \u00e7ok \u00f6nemlidir. B\u00fcy\u00fcme, kilo ve boydaki art\u0131\u015f\u0131 ifade ederken; geli\u015fim, bebe\u011fin ya\u015f\u0131na g\u00f6re zihinsel \u00f6zellikleri ve hareketlerinin uygun ilerlemeyi sa\u011flamas\u0131d\u0131r. Rutin kontroller, gelecekte kar\u015f\u0131la\u015f\u0131labilecek olas\u0131 sorunlar\u0131 \u00f6nlemeye ve \u00f6nceden tedbir almaya yarar.<br \/>\n<img decoding=\"async\" src=\"http:\/\/www.kenthospital.com\/images\/_editorimg\/images\/Klinikler\/{519d385591d13b5eaf11e62e3d78d76c9a582fb94e243c35061eca81222826d7}C3{519d385591d13b5eaf11e62e3d78d76c9a582fb94e243c35061eca81222826d7}A7ocukhastal{519d385591d13b5eaf11e62e3d78d76c9a582fb94e243c35061eca81222826d7}C4{519d385591d13b5eaf11e62e3d78d76c9a582fb94e243c35061eca81222826d7}B1{519d385591d13b5eaf11e62e3d78d76c9a582fb94e243c35061eca81222826d7}C4{519d385591d13b5eaf11e62e3d78d76c9a582fb94e243c35061eca81222826d7}9F{519d385591d13b5eaf11e62e3d78d76c9a582fb94e243c35061eca81222826d7}C4{519d385591d13b5eaf11e62e3d78d76c9a582fb94e243c35061eca81222826d7}B1\/cocuk-klinigimiz-saglikli-bebek-izlemi.png\" alt=\"\" \/><\/p>\n<p><strong>\u0130lk Muayene<\/strong><br \/>\nBebe\u011fin ilk rutin muayenesi, genellikle do\u011fumdan sonraki 2 hafta i\u00e7indedir. Doktor, bebe\u011fin kilo, boy ve ba\u015f \u00e7evresini \u00f6l\u00e7er, bebe\u011fin b\u0131ng\u0131lda\u011f\u0131n\u0131, kalp at\u0131\u015flar\u0131n\u0131, solunum seslerini, duyu organlar\u0131n\u0131, bacaklar\u0131n\u0131 ve kollar\u0131n\u0131 kontrol eder, bebekte yenido\u011fan sar\u0131l\u0131\u011f\u0131 olup olmad\u0131\u011f\u0131n\u0131 inceler, g\u00f6be\u011fin d\u00fc\u015f\u00fcp d\u00fc\u015fmedi\u011fini, iyile\u015fip iyile\u015fmedi\u011fine bakar. Ayr\u0131ca do\u011fdu\u011funda yap\u0131lmad\u0131ysa ilk muayenede hepatit B a\u015f\u0131s\u0131 ile hipotiroidi ve fenilketon\u00fcri tarama testleri yap\u0131l\u0131r.<\/p>\n<p><strong>2 Ay Kontrol\u00fc<\/strong><br \/>\nBebe\u011fin kilo, boy, ba\u015f \u00e7evresi \u00f6l\u00e7\u00fcl\u00fcr, 1. ay de\u011ferleriyle kar\u015f\u0131la\u015ft\u0131r\u0131l\u0131r. Bebe\u011fin b\u0131ng\u0131lda\u011f\u0131, duyu organlar\u0131, beslenmesi ve bebe\u011fin refleksleri kontrol edilir. Erkek bebekte testislerin torbaya inip inmedi\u011fi kontrol edilir. Bebek genel bir muayeneden ge\u00e7er. Bebe\u011fin a\u015f\u0131lar\u0131na devam edilir.<\/p>\n<p><strong>4 Ay Kontrol\u00fc<\/strong><br \/>\nBebe\u011fin \u00f6l\u00e7\u00fcm de\u011ferleri al\u0131n\u0131r ve \u00a0bu aya g\u00f6re normal de\u011ferlerle kar\u015f\u0131la\u015ft\u0131r\u0131l\u0131r. Genel muayene yap\u0131l\u0131r ve bebe\u011fin geli\u015fimi kontrol edilir. Bu ayda di\u015f \u00e7\u0131karmayla ilgili belirtiler ba\u015flayabilir. Bebe\u011fin a\u015f\u0131lar\u0131 yap\u0131l\u0131r.<\/p>\n<p><strong>6 Ay Kontrol\u00fc<\/strong><br \/>\nGenel muayene ile bebe\u011fin b\u00fcy\u00fcmesi de\u011ferlendirilir. 6 ay bitimiyle \u00a0bebek ek g\u0131daya ge\u00e7i\u015f yapabilir. Bebe\u011fin anne s\u00fct\u00fcne ek \u00a0yeni g\u0131dalarla tan\u0131\u015fma s\u00fcrecine y\u00f6nelik doktor, anneyi y\u00f6nlendirecektir. Gerekli ise, demir takviyesine ba\u015flanabilir.<\/p>\n<p><strong>9 Ay Kontrol\u00fc<\/strong><br \/>\nGenel muayene ile bebe\u011fin b\u00fcy\u00fcmesi de\u011ferlendirilir. Beden ve motor geli\u015fimine bak\u0131l\u0131r. Desteksiz oturup oturamad\u0131\u011f\u0131 ve konu\u015fmaya ba\u015flay\u0131p ba\u015flamad\u0131\u011f\u0131 kontrol edilir.<\/p>\n<p><strong>1 Ya\u015f Kontrol\u00fc<\/strong><br \/>\n1 ya\u015f bebek i\u00e7in d\u00f6n\u00fcm noktas\u0131d\u0131r. \u0130lk y\u0131l geride kalm\u0131\u015f ve bebek h\u0131zl\u0131 geli\u015fim kaydetmi\u015ftir. Emekleme sonras\u0131 e\u015fyalara tutunarak s\u0131ralamay\u0131 \u00f6\u011frenmi\u015f ve hatta y\u00fcr\u00fcmeye ba\u015flam\u0131\u015ft\u0131r. 1 ya\u015f muayenesinde bebek, b\u00fcy\u00fcmesi ve geli\u015fiminin ne durumda oldu\u011funun tespiti i\u00e7in fiziki muayeneden ge\u00e7irilir. Yap\u0131lmas\u0131 gereken a\u015f\u0131lar\u0131 yap\u0131l\u0131r.<\/p>\n","protected":false},"excerpt":{"rendered":"<p>Sa\u011fl\u0131kl\u0131 bebek izlemi, bebeklerin do\u011fumdan itibaren \u00f6zellikle 1 ya\u015f\u0131na dek her ay geli\u015fiminin izlenmesi, b\u00fcy\u00fcme ve geli\u015fmenin normal olup olmad\u0131\u011f\u0131n\u0131n kontrol\u00fc, koruyucu \u00f6nlem olarak a\u015f\u0131lar\u0131n\u0131n yap\u0131lmas\u0131, rutin kontrollerle her \u015feyin yolunda gidip gitmedi\u011finin belirlenebilmesi \u00e7ok \u00f6nemlidir. B\u00fcy\u00fcme, kilo ve boydaki &hellip;<\/p>\n","protected":false},"author":1,"featured_media":0,"parent":0,"menu_order":0,"comment_status":"closed","ping_status":"closed","template":"template-full.php","meta":[],"_links":{"self":[{"href":"https:\/\/esenler17noluasm.com\/index.php\/wp-json\/wp\/v2\/pages\/21"}],"collection":[{"href":"https:\/\/esenler17noluasm.com\/index.php\/wp-json\/wp\/v2\/pages"}],"about":[{"href":"https:\/\/esenler17noluasm.com\/index.php\/wp-json\/wp\/v2\/types\/page"}],"author":[{"embeddable":true,"href":"https:\/\/esenler17noluasm.com\/index.php\/wp-json\/wp\/v2\/users\/1"}],"replies":[{"embeddable":true,"href":"https:\/\/esenler17noluasm.com\/index.php\/wp-json\/wp\/v2\/comments?post=21"}],"version-history":[{"count":1,"href":"https:\/\/esenler17noluasm.com\/index.php\/wp-json\/wp\/v2\/pages\/21\/revisions"}],"predecessor-version":[{"id":22,"href":"https:\/\/esenler17noluasm.com\/index.php\/wp-json\/wp\/v2\/pages\/21\/revisions\/22"}],"wp:attachment":[{"href":"https:\/\/esenler17noluasm.com\/index.php\/wp-json\/wp\/v2\/media?parent=21"}],"curies":[{"name":"wp","href":"https:\/\/api.w.org\/{rel}","templated":true}]}}