{"id":5,"date":"2016-09-06T12:20:08","date_gmt":"2016-09-06T12:20:08","guid":{"rendered":"http:\/\/esenler17noluasm.com\/?page_id=5"},"modified":"2016-09-06T12:42:06","modified_gmt":"2016-09-06T12:42:06","slug":"hizmet-standartlari-tablosu","status":"publish","type":"page","link":"https:\/\/esenler17noluasm.com\/index.php\/hizmet-standartlari-tablosu\/","title":{"rendered":"H\u0130ZMET STANDARTLARI TABLOSU"},"content":{"rendered":"<table width=\"807\">\n<tbody>\n<tr>\n<td width=\"64\">SIRA NO Kasaba<\/td>\n<td width=\"212\">H\u0130ZMET\u0130N ADI<\/td>\n<td width=\"310\">BA\u015eVURUDA \u0130STENEN BELGELERB Noktas\u0131<\/td>\n<td width=\"221\">H\u0130ZMET\u0130N TAMAMLANMA S\u00dcRES\u0130<\/td>\n<\/tr>\n<tr>\n<td>1<\/td>\n<td width=\"212\">Hekim Se\u00e7me (\u0130lk Kay\u0131t)<\/td>\n<td width=\"310\">1) T.C.Kimlik Numaras\u0131 ibraz edilen belge<\/td>\n<td width=\"221\">4 saat<\/td>\n<\/tr>\n<tr>\n<td>2<\/td>\n<td width=\"212\">Poliklinik Muayene<\/td>\n<td width=\"310\">1) T.C.Kimlik Numaras\u0131 ibraz edilen belge<\/td>\n<td width=\"221\">1 saat<\/td>\n<\/tr>\n<tr>\n<td rowspan=\"2\">3<\/td>\n<td rowspan=\"2\" width=\"212\">Misafir Hasta Muayenesi<\/td>\n<td width=\"310\">1) T.C.Kimlik Numaras\u0131 ibraz edilen belge<\/td>\n<td rowspan=\"2\" width=\"221\">2 saat<\/td>\n<\/tr>\n<tr>\n<td width=\"310\">Mernis \u0130\u015flemleri A\u00e7\u0131k oldu\u011fu S\u00fcrece \/\u0130L\u00a0 DI\u015eI HASTALAR<\/td>\n<\/tr>\n<tr>\n<td>4<\/td>\n<td width=\"212\">Sa\u011fl\u0131k Kurumuna Sevk<\/td>\n<td width=\"310\">1) T.C.Kimlik Numaras\u0131 ibraz edilen belge<\/td>\n<td width=\"221\">1 saat<\/td>\n<\/tr>\n<tr>\n<td rowspan=\"2\">5<\/td>\n<td rowspan=\"2\" width=\"212\">Tek Hekim Raporu<\/td>\n<td width=\"310\">1) T.C.Kimlik Numaras\u0131 ibraz edilen belge,<\/td>\n<td rowspan=\"2\" width=\"221\">1 saat<\/td>\n<\/tr>\n<tr>\n<td width=\"310\">Kesin Kay\u0131tl\u0131 Hasta<\/td>\n<\/tr>\n<tr>\n<td rowspan=\"2\">6<\/td>\n<td rowspan=\"2\" width=\"212\">Basit Laboratuar Tetkikleri<\/td>\n<td width=\"310\">1) T.C.Kimlik Numaras\u0131 ibraz edilen belge<\/td>\n<td rowspan=\"2\" width=\"221\">2 saat<\/td>\n<\/tr>\n<tr>\n<td width=\"310\">Kesin Kay\u0131tl\u0131 Hasta<\/td>\n<\/tr>\n<tr>\n<td rowspan=\"2\">7<\/td>\n<td rowspan=\"2\" width=\"212\">Detayl\u0131 Laboratuar Tetkikleri<\/td>\n<td width=\"310\">1) T.C.Kimlik Numaras\u0131 ibraz edilen belge<\/td>\n<td rowspan=\"2\" width=\"221\">3 g\u00fcn<\/td>\n<\/tr>\n<tr>\n<td width=\"310\">Kesin Kay\u0131tl\u0131 Hasta, AH Taraf\u0131ndan verilen Randevu\u00a0 tetkik\u00a0 listesi\/9:00-10:30 Saatleri aras\u0131nda(Halk Sa\u011fl.Lab.\u0130\u015flemlerinde Problem Yoksa<\/td>\n<\/tr>\n<tr>\n<td>8<\/td>\n<td width=\"212\">\u0130zlemler (Bebek, \u00c7ocuk, Kad\u0131n)<\/td>\n<td width=\"310\">1) T.C.Kimlik Numaras\u0131 ibraz edilen belge<\/td>\n<td width=\"221\">2 saat<\/td>\n<\/tr>\n<tr>\n<td rowspan=\"2\">9<\/td>\n<td rowspan=\"2\" width=\"212\">Ev Ziyareti<\/td>\n<td width=\"310\">1)\u00a0\u00a0\u00a0 T.C.Kimlik Numaras\u0131 ibraz edilen belge<\/td>\n<td rowspan=\"2\" width=\"221\">\u00c7al\u0131\u015fma saatleri plan\u0131na g\u00f6re<\/td>\n<\/tr>\n<tr>\n<td width=\"310\">\u00d6nceden Randevu ile Ev Ziyareti Saatinde<\/td>\n<\/tr>\n<tr>\n<td rowspan=\"2\">10<\/td>\n<td rowspan=\"2\" width=\"212\">Evde Bak\u0131m Hizmetleri<\/td>\n<td width=\"310\">1) T.C.Kimlik Numaras\u0131 ibraz edilen belge<\/td>\n<td rowspan=\"2\" width=\"221\">2 saat<\/td>\n<\/tr>\n<tr>\n<td width=\"310\">\u00d6nceden Randevu ile Ev Ziyareti Saatinde-Kesin Kay\u0131tl\u0131 Hasta<\/td>\n<\/tr>\n<tr>\n<td>11<\/td>\n<td width=\"212\">Ba\u011f\u0131\u015f\u0131klama Faaliyetleri<\/td>\n<td width=\"310\">1) T.C.Kimlik Numaras\u0131 ibraz edilen belge<\/td>\n<td width=\"221\">2 saat<\/td>\n<\/tr>\n<tr>\n<td rowspan=\"3\">12<\/td>\n<td rowspan=\"3\" width=\"212\">Aile Planlamas\u0131 Hizmetleri<\/td>\n<td width=\"310\">1) T.C.Kimlik Numaras\u0131 ibraz edilen belge<\/td>\n<td rowspan=\"3\" width=\"221\">2 saat<\/td>\n<\/tr>\n<tr>\n<td width=\"310\">2) Onam Formu<\/td>\n<\/tr>\n<tr>\n<td width=\"310\">Kesin Kay\u0131tl\u0131 Hasta<\/td>\n<\/tr>\n<\/tbody>\n<\/table>\n<p>&nbsp;<\/p>\n","protected":false},"excerpt":{"rendered":"<p>SIRA NO Kasaba H\u0130ZMET\u0130N ADI BA\u015eVURUDA \u0130STENEN BELGELERB Noktas\u0131 H\u0130ZMET\u0130N TAMAMLANMA S\u00dcRES\u0130 1 Hekim Se\u00e7me (\u0130lk Kay\u0131t) 1) T.C.Kimlik Numaras\u0131 ibraz edilen belge 4 saat 2 Poliklinik Muayene 1) T.C.Kimlik Numaras\u0131 ibraz edilen belge 1 saat 3 Misafir Hasta Muayenesi &hellip;<\/p>\n","protected":false},"author":1,"featured_media":0,"parent":0,"menu_order":0,"comment_status":"closed","ping_status":"closed","template":"template-full.php","meta":[],"_links":{"self":[{"href":"https:\/\/esenler17noluasm.com\/index.php\/wp-json\/wp\/v2\/pages\/5"}],"collection":[{"href":"https:\/\/esenler17noluasm.com\/index.php\/wp-json\/wp\/v2\/pages"}],"about":[{"href":"https:\/\/esenler17noluasm.com\/index.php\/wp-json\/wp\/v2\/types\/page"}],"author":[{"embeddable":true,"href":"https:\/\/esenler17noluasm.com\/index.php\/wp-json\/wp\/v2\/users\/1"}],"replies":[{"embeddable":true,"href":"https:\/\/esenler17noluasm.com\/index.php\/wp-json\/wp\/v2\/comments?post=5"}],"version-history":[{"count":1,"href":"https:\/\/esenler17noluasm.com\/index.php\/wp-json\/wp\/v2\/pages\/5\/revisions"}],"predecessor-version":[{"id":6,"href":"https:\/\/esenler17noluasm.com\/index.php\/wp-json\/wp\/v2\/pages\/5\/revisions\/6"}],"wp:attachment":[{"href":"https:\/\/esenler17noluasm.com\/index.php\/wp-json\/wp\/v2\/media?parent=5"}],"curies":[{"name":"wp","href":"https:\/\/api.w.org\/{rel}","templated":true}]}}