{"id":63,"date":"2017-10-06T11:50:00","date_gmt":"2017-10-06T11:50:00","guid":{"rendered":"http:\/\/esenler17noluasm.com\/?page_id=63"},"modified":"2025-11-03T07:43:01","modified_gmt":"2025-11-03T07:43:01","slug":"kadromuz","status":"publish","type":"page","link":"https:\/\/esenler17noluasm.com\/index.php\/kadromuz\/","title":{"rendered":"Kadromuz"},"content":{"rendered":"<h3>34.17.127 Nolu Aile Hekimli\u011fi Birimi<\/h3>\n<p>Dr. Gizem Yasemin DE\u011eERL\u0130 B\u00d6L\u00dcKBA\u015e<br \/>\nHem\u015fire Esra DE\u011eER B\u0130LD\u0130K<\/p>\n<h3>34.17.128 Nolu Aile Hekimli\u011fi Birimi<\/h3>\n<p>Dr. Mert CANDAN<br \/>\nHem\u015fire Nesrin DURSUNLAR<\/p>\n<h3>34.17.136 Nolu Aile Hekimli\u011fi Birimi<\/h3>\n<p>Ge\u00e7ici G\u00f6revlendirilen Hekim<\/p>\n","protected":false},"excerpt":{"rendered":"<p>34.17.127 Nolu Aile Hekimli\u011fi Birimi Dr. Gizem Yasemin DE\u011eERL\u0130 B\u00d6L\u00dcKBA\u015e Hem\u015fire Esra DE\u011eER B\u0130LD\u0130K 34.17.128 Nolu Aile Hekimli\u011fi Birimi Dr. Mert CANDAN Hem\u015fire Nesrin DURSUNLAR 34.17.136 Nolu Aile Hekimli\u011fi Birimi Ge\u00e7ici G\u00f6revlendirilen Hekim<\/p>\n","protected":false},"author":1,"featured_media":0,"parent":0,"menu_order":0,"comment_status":"closed","ping_status":"closed","template":"template-full.php","meta":[],"_links":{"self":[{"href":"https:\/\/esenler17noluasm.com\/index.php\/wp-json\/wp\/v2\/pages\/63"}],"collection":[{"href":"https:\/\/esenler17noluasm.com\/index.php\/wp-json\/wp\/v2\/pages"}],"about":[{"href":"https:\/\/esenler17noluasm.com\/index.php\/wp-json\/wp\/v2\/types\/page"}],"author":[{"embeddable":true,"href":"https:\/\/esenler17noluasm.com\/index.php\/wp-json\/wp\/v2\/users\/1"}],"replies":[{"embeddable":true,"href":"https:\/\/esenler17noluasm.com\/index.php\/wp-json\/wp\/v2\/comments?post=63"}],"version-history":[{"count":20,"href":"https:\/\/esenler17noluasm.com\/index.php\/wp-json\/wp\/v2\/pages\/63\/revisions"}],"predecessor-version":[{"id":1570,"href":"https:\/\/esenler17noluasm.com\/index.php\/wp-json\/wp\/v2\/pages\/63\/revisions\/1570"}],"wp:attachment":[{"href":"https:\/\/esenler17noluasm.com\/index.php\/wp-json\/wp\/v2\/media?parent=63"}],"curies":[{"name":"wp","href":"https:\/\/api.w.org\/{rel}","templated":true}]}}